{"id":1349,"date":"2020-12-15T10:42:32","date_gmt":"2020-12-15T09:42:32","guid":{"rendered":"https:\/\/b3bag.eu\/commander-b3bag-fietsersbond-belgique\/"},"modified":"2026-02-05T17:01:05","modified_gmt":"2026-02-05T16:01:05","slug":"commander-b3bag-fietsersbond-belgique","status":"publish","type":"page","link":"https:\/\/b3bag.eu\/fr\/commander-b3bag-fietsersbond-belgique\/","title":{"rendered":"Commander B3bag Fietsersbond Belgique"},"content":{"rendered":"[spb_text_block pb_margin_bottom=\u00a0\u00bbno\u00a0\u00bb pb_border_bottom=\u00a0\u00bbno\u00a0\u00bb width=\u00a0\u00bb2\/3&Prime; el_position=\u00a0\u00bbfirst\u00a0\u00bb]\n<h3>Voici comment vous pouvez commander un B3bag :<\/h3>\n<ol>\n<li><strong>Remplissez le bon de commande ci-dessous. La r\u00e9duction de 10%, pour les membres du Fietsersbond de Belgique, est d\u00e9j\u00e0 incluse dans les prix.<br \/>\n<\/strong><\/li>\n<li><strong>Apr\u00e8s avoir pass\u00e9 la commande, vous recevrez une facture par e-mail. Vous pouvez transf\u00e9rer cette facture via votre propre banque. Ou vous pouvez utiliser le lien inclus pour le paiement en ligne via iDeal, Bancontact ou Sepa.<\/strong><\/li>\n<li><strong>Une fois que nous avons re\u00e7u votre paiement,<\/strong><strong>nous envoyons le B3bag. Nous vous enverrons ensuite un code de suivi et de tra\u00e7abilit\u00e9 par e-mail afin que vous puissiez suivre le colis. Ou nous vous contacterons pour r\u00e9cup\u00e9rer le B3bag, si vous l&rsquo;avez indiqu\u00e9 comme votre pr\u00e9f\u00e9rence.<\/strong><\/li>\n<\/ol>\n\n<div class=\"wpcf7 no-js\" id=\"wpcf7-f1347-o1\" lang=\"fr-FR\" dir=\"ltr\" data-wpcf7-id=\"1347\">\n<div class=\"screen-reader-response\"><p role=\"status\" aria-live=\"polite\" aria-atomic=\"true\"><\/p> <ul><\/ul><\/div>\n<form action=\"\/fr\/wp-json\/wp\/v2\/pages\/1349#wpcf7-f1347-o1\" method=\"post\" class=\"wpcf7-form init\" aria-label=\"Formulaire de contact\" novalidate=\"novalidate\" data-status=\"init\">\n<fieldset class=\"hidden-fields-container\"><input type=\"hidden\" name=\"_wpcf7\" value=\"1347\" \/><input type=\"hidden\" name=\"_wpcf7_version\" value=\"6.1.5\" \/><input type=\"hidden\" name=\"_wpcf7_locale\" value=\"fr_FR\" \/><input type=\"hidden\" name=\"_wpcf7_unit_tag\" value=\"wpcf7-f1347-o1\" \/><input type=\"hidden\" name=\"_wpcf7_container_post\" value=\"0\" \/><input type=\"hidden\" name=\"_wpcf7_posted_data_hash\" value=\"\" \/><input type=\"hidden\" name=\"_wpcf7_recaptcha_response\" value=\"\" \/>\n<\/fieldset>\n<p><label> Nom *<br \/>\n<span class=\"wpcf7-form-control-wrap\" data-name=\"your-name\"><input size=\"40\" maxlength=\"400\" class=\"wpcf7-form-control wpcf7-text wpcf7-validates-as-required\" aria-required=\"true\" aria-invalid=\"false\" value=\"\" type=\"text\" name=\"your-name\" \/><\/span> <\/label>\n<\/p>\n<p><label> Adresse *<br \/>\n<span class=\"wpcf7-form-control-wrap\" data-name=\"Adres\"><input size=\"40\" maxlength=\"400\" class=\"wpcf7-form-control wpcf7-text wpcf7-validates-as-required\" aria-required=\"true\" aria-invalid=\"false\" value=\"\" type=\"text\" name=\"Adres\" \/><\/span> <\/label>\n<\/p>\n<p><label> Code postal *<br \/>\n<span class=\"wpcf7-form-control-wrap\" data-name=\"Postcode\"><input size=\"40\" maxlength=\"400\" class=\"wpcf7-form-control wpcf7-text wpcf7-validates-as-required\" aria-required=\"true\" aria-invalid=\"false\" value=\"\" type=\"text\" name=\"Postcode\" \/><\/span> <\/label>\n<\/p>\n<p><label> R\u00e9sidence *<br \/>\n<span class=\"wpcf7-form-control-wrap\" data-name=\"Plaats\"><input size=\"40\" maxlength=\"400\" class=\"wpcf7-form-control wpcf7-text wpcf7-validates-as-required\" aria-required=\"true\" aria-invalid=\"false\" value=\"\" type=\"text\" name=\"Plaats\" \/><\/span> <\/label>\n<\/p>\n<p><label> Pays *<br \/>\n<span class=\"wpcf7-form-control-wrap\" data-name=\"Land\"><input size=\"40\" maxlength=\"400\" class=\"wpcf7-form-control wpcf7-text wpcf7-validates-as-required\" aria-required=\"true\" aria-invalid=\"false\" value=\"\" type=\"text\" name=\"Land\" \/><\/span> <\/label>\n<\/p>\n<p><label> Email *<br \/>\n<span class=\"wpcf7-form-control-wrap\" data-name=\"your-email\"><input size=\"40\" maxlength=\"400\" class=\"wpcf7-form-control wpcf7-email wpcf7-validates-as-required wpcf7-text wpcf7-validates-as-email\" aria-required=\"true\" aria-invalid=\"false\" value=\"\" type=\"email\" name=\"your-email\" \/><\/span> <\/label>\n<\/p>\n<p><label> Num\u00e9ro de t\u00e9l\u00e9phone *<br \/>\n<span class=\"wpcf7-form-control-wrap\" data-name=\"Telefoonnr\"><input size=\"40\" maxlength=\"400\" minlength=\"10\" class=\"wpcf7-form-control wpcf7-tel wpcf7-validates-as-required wpcf7-text wpcf7-validates-as-tel\" aria-required=\"true\" aria-invalid=\"false\" value=\"\" type=\"tel\" name=\"Telefoonnr\" \/><\/span> <\/label><br \/>\n<label> Num\u00e9ro de membre Fietsersbond Belgique *<br \/>\n<span class=\"wpcf7-form-control-wrap\" data-name=\"LidnummerFBBE\"><input size=\"40\" maxlength=\"6\" minlength=\"5\" class=\"wpcf7-form-control wpcf7-tel wpcf7-validates-as-required wpcf7-text wpcf7-validates-as-tel\" aria-required=\"true\" aria-invalid=\"false\" value=\"\" type=\"tel\" name=\"LidnummerFBBE\" \/><\/span> <\/label><br \/>\n\t<nbsp>\n\t<\/nbsp><br \/>\n\t<nbsp>\n\t<\/nbsp>\n<\/p>\n<h3> Choisissez votre B3bag:\n<\/h3>\n<p><label> XL02 Kleur<br \/>\n<span class=\"wpcf7-form-control-wrap\" data-name=\"Kleur-XL02\"><select class=\"wpcf7-form-control wpcf7-select\" aria-invalid=\"false\" name=\"Kleur-XL02\"><option value=\"\">&#8212;Veuillez choisir une option&#8212;<\/option><option value=\"XL02 anthracite\/anthracite\">XL02 anthracite\/anthracite<\/option><option value=\"XL02 noir\/noir\">XL02 noir\/noir<\/option><\/select><\/span> <\/label>\n<\/p>\n<p><label> XL02 Nombre<br \/>\n<span class=\"wpcf7-form-control-wrap\" data-name=\"Aantal-XL02\"><select class=\"wpcf7-form-control wpcf7-select\" aria-invalid=\"false\" name=\"Aantal-XL02\"><option value=\"\">&#8212;Veuillez choisir une option&#8212;<\/option><option value=\"1 sac XL02 (125,55 euros TTC) Prix Union des Cyclistes\">1 sac XL02 (125,55 euros TTC) Prix Union des Cyclistes<\/option><option value=\"2 sacoches XL02 (251,10 euros TTC) Prix Union des Cyclistes\">2 sacoches XL02 (251,10 euros TTC) Prix Union des Cyclistes<\/option><\/select><\/span> <\/label>\n<\/p>\n<p><label> Retrait en magasin\/Livraison *<br \/>\n<span class=\"wpcf7-form-control-wrap\" data-name=\"Ophalenverzenden\"><select class=\"wpcf7-form-control wpcf7-select wpcf7-validates-as-required\" aria-required=\"true\" aria-invalid=\"false\" name=\"Ophalenverzenden\"><option value=\"\">&#8212;Veuillez choisir une option&#8212;<\/option><option value=\"Retrait en magasin (sur rendez-vous)\">Retrait en magasin (sur rendez-vous)<\/option><option value=\"Livraison aux Pays-Bas (6,45 \u20ac TTC)\">Livraison aux Pays-Bas (6,45 \u20ac TTC)<\/option><option value=\"Livraison en Belgique (18,00 \u20ac TTC)\">Livraison en Belgique (18,00 \u20ac TTC)<\/option><\/select><\/span> <\/label><br \/>\n\t<nbsp>\n\t<\/nbsp>\n<\/p>\n<h3> Quelques questions plus non contraignantes:\n<\/h3>\n<h5><label> Quel \u00e2ge avez-vous?<\/label>\n<\/h5>\n<p><span class=\"wpcf7-form-control-wrap\" data-name=\"Leeftijd\"><input class=\"wpcf7-form-control wpcf7-number wpcf7-validates-as-number\" min=\"18\" max=\"100\" aria-invalid=\"false\" value=\"\" type=\"number\" name=\"Leeftijd\" \/><\/span><br \/>\n\t<nbsp>\n\t<\/nbsp><br \/>\n\t<nbsp>\n\t<\/nbsp>\n<\/p>\n<h5><label>A quoi vas-tu utiliser le sac?<\/label>\n<\/h5>\n<p><span class=\"wpcf7-form-control-wrap\" data-name=\"Waarvoor\"><span class=\"wpcf7-form-control wpcf7-checkbox\"><span class=\"wpcf7-list-item first\"><input type=\"checkbox\" name=\"Waarvoor[]\" value=\"\u00c9piceries\" \/><span class=\"wpcf7-list-item-label\">\u00c9piceries<\/span><\/span><span class=\"wpcf7-list-item\"><input type=\"checkbox\" name=\"Waarvoor[]\" value=\"D\u00e9placements domicile-travail\" \/><span class=\"wpcf7-list-item-label\">D\u00e9placements domicile-travail<\/span><\/span><span class=\"wpcf7-list-item\"><input type=\"checkbox\" name=\"Waarvoor[]\" value=\"Vacances\" \/><span class=\"wpcf7-list-item-label\">Vacances<\/span><\/span><span class=\"wpcf7-list-item\"><input type=\"checkbox\" name=\"Waarvoor[]\" value=\"Passe-temps\" \/><span class=\"wpcf7-list-item-label\">Passe-temps<\/span><\/span><span class=\"wpcf7-list-item last\"><input type=\"checkbox\" name=\"Waarvoor[]\" value=\"Autre\" \/><span class=\"wpcf7-list-item-label\">Autre<\/span><\/span><\/span><\/span><br \/>\n\t<nbsp>\n\t<\/nbsp><br \/>\n\t<nbsp>\n\t<\/nbsp>\n<\/p>\n<h5><label>Sur quel type de v\u00e9lo vas-tu le monter?<\/label>\n<\/h5>\n<p><span class=\"wpcf7-form-control-wrap\" data-name=\"Fiets\"><select class=\"wpcf7-form-control wpcf7-select wpcf7-validates-as-required\" aria-required=\"true\" aria-invalid=\"false\" name=\"Fiets\"><option value=\"\">&#8212;Veuillez choisir une option&#8212;<\/option><option value=\"V\u00e9lo ordinaire\">V\u00e9lo ordinaire<\/option><option value=\"V\u00e9lo pliant\">V\u00e9lo pliant<\/option><option value=\"V\u00e9lo \u00e9lectrique avec batterie dans le cadre\">V\u00e9lo \u00e9lectrique avec batterie dans le cadre<\/option><option value=\"V\u00e9lo \u00e9lectrique avec batterie sous le porte-bagages (Remarque : v\u00e9rifiez s&#039;il y a suffisamment de place pour les crochets de la sacoche de v\u00e9lo !)\">V\u00e9lo \u00e9lectrique avec batterie sous le porte-bagages (Remarque : v\u00e9rifiez s&#039;il y a suffisamment de place pour les crochets de la sacoche de v\u00e9lo !)<\/option><\/select><\/span><br \/>\n\t<nbsp>\n\t<\/nbsp><br \/>\n\t<nbsp>\n\t<\/nbsp><br \/>\n<label> Marque et mod\u00e8le de v\u00e9lo<br \/>\n<span class=\"wpcf7-form-control-wrap\" data-name=\"merk-fiets\"><input size=\"40\" maxlength=\"400\" class=\"wpcf7-form-control wpcf7-text\" aria-invalid=\"false\" value=\"\" type=\"text\" name=\"merk-fiets\" \/><\/span> <\/label>\n<\/p>\n<nbsp>\n<\/nbsp>\n<p><label> Commentaires<br \/>\n<span class=\"wpcf7-form-control-wrap\" data-name=\"your-message\"><textarea cols=\"40\" rows=\"10\" maxlength=\"2000\" class=\"wpcf7-form-control wpcf7-textarea\" aria-invalid=\"false\" name=\"your-message\"><\/textarea><\/span> <\/label>\n<\/p>\n<p> * champs obligatoires\n<\/p>\n<nbsp>\n<\/nbsp>\n<p><strong>Attention: nos e-mails se retrouvent souvent dans la bo\u00eete de spam aux adresses Hotmail et Gmail!<\/strong><strong><\/strong><br \/>\n\t<nbsp>\n\t<\/nbsp><br \/>\n<input class=\"wpcf7-form-control wpcf7-submit has-spinner\" type=\"submit\" value=\"Envoyer\" \/>\n<\/p><p style=\"display: none !important;\" class=\"akismet-fields-container\" data-prefix=\"_wpcf7_ak_\"><label>&#916;<textarea name=\"_wpcf7_ak_hp_textarea\" cols=\"45\" rows=\"8\" maxlength=\"100\"><\/textarea><\/label><input type=\"hidden\" id=\"ak_js_1\" name=\"_wpcf7_ak_js\" value=\"120\"\/><script>document.getElementById( \"ak_js_1\" ).setAttribute( \"value\", ( new Date() ).getTime() );<\/script><\/p><div class=\"wpcf7-response-output\" aria-hidden=\"true\"><\/div>\n<\/form>\n<\/div>\n\n[\/spb_text_block] [spb_text_block pb_margin_bottom=\u00a0\u00bbno\u00a0\u00bb pb_border_bottom=\u00a0\u00bbno\u00a0\u00bb width=\u00a0\u00bb1\/3&Prime; el_position=\u00a0\u00bblast\u00a0\u00bb]\n<p>&nbsp;<\/p>\n<h2>B3bag XL02<\/h2>\n<p><img loading=\"lazy\" decoding=\"async\" class=\"wp-image-499 size-medium\" src=\"https:\/\/b3bag.eu\/wp-content\/uploads\/2019\/10\/B3bag-extra-large-waterproof-pannier-on-wheels-9065-jeans-black-comp-300x200.jpg\" alt=\"\" width=\"300\" height=\"200\" srcset=\"https:\/\/b3bag.eu\/wp-content\/uploads\/2019\/10\/B3bag-extra-large-waterproof-pannier-on-wheels-9065-jeans-black-comp-300x200.jpg 300w, https:\/\/b3bag.eu\/wp-content\/uploads\/2019\/10\/B3bag-extra-large-waterproof-pannier-on-wheels-9065-jeans-black-comp-768x512.jpg 768w, https:\/\/b3bag.eu\/wp-content\/uploads\/2019\/10\/B3bag-extra-large-waterproof-pannier-on-wheels-9065-jeans-black-comp-640x427.jpg 640w, https:\/\/b3bag.eu\/wp-content\/uploads\/2019\/10\/B3bag-extra-large-waterproof-pannier-on-wheels-9065-jeans-black-comp.jpg 940w\" sizes=\"auto, (max-width: 300px) 100vw, 300px\" \/><\/p>\n<p><strong>Colorer<\/strong><\/p>\n<p><img loading=\"lazy\" decoding=\"async\" class=\"alignnone wp-image-1391\" src=\"https:\/\/b3bag.eu\/wp-content\/uploads\/2025\/01\/B3bag-waterdichte-fietstas-kleuren-waterproof-bike-pannier-colors-blocks-FR-XL02.2-1.png\" alt=\"\" width=\"154\" height=\"89\"><\/p>\n<p><strong>Mat\u00e9riel:<\/strong> polyamide imperm\u00e9able avec coutures soud\u00e9es \u00e9tanches<br \/>\n<strong>Roues:<\/strong> plastique plus souple<br \/>\n<strong>Extra:<\/strong> poche int\u00e9rieure zipp\u00e9e et 2 poches filet<\/p>\n<p><strong>Volume:<\/strong> 40 litres\/sac, 80 litres\/2 sacs<br \/>\n<strong>Poids du paquet:<\/strong> 15 kg\/sac, 30 kg\/2 sacs<br \/>\n<strong>Taille:<\/strong> 30 x 23 x 70 cm (lo x la x h)<br \/>\n<strong>Lester:<\/strong> 1,9 kg<\/p>\n<p><strong>Price (incl. VAT) for members of the Cyclists&rsquo; Union BE<\/strong><br \/>\n125,55 euro\/sac<br \/>\n251,10 euro\/2 sac<\/p>\n<p><strong>Frais de livraison (TVA incluse)<\/strong><br \/>\nPays-Bas : 6,45 euros\/max. 4 sacs<br \/>\nBelgique : 18,00 \u20ac\/max. 2 sacs<\/p>\n[\/spb_text_block]\n","protected":false},"excerpt":{"rendered":"<p>[spb_text_block pb_margin_bottom=\u00a0\u00bbno\u00a0\u00bb pb_border_bottom=\u00a0\u00bbno\u00a0\u00bb width=\u00a0\u00bb2\/3&Prime; el_position=\u00a0\u00bbfirst\u00a0\u00bb] Voici comment vous pouvez commander un B3bag : Remplissez le bon de commande ci-dessous. La r\u00e9duction de 10%, pour les membres du Fietsersbond de Belgique, est d\u00e9j\u00e0 incluse dans les prix. Apr\u00e8s avoir pass\u00e9 la commande, vous recevrez une facture par e-mail. Vous pouvez transf\u00e9rer cette facture via votre propre banque. Ou vous pouvez utiliser [&hellip;]<\/p>\n","protected":false},"author":1,"featured_media":0,"parent":0,"menu_order":0,"comment_status":"closed","ping_status":"closed","template":"","meta":{"footnotes":""},"class_list":["post-1349","page","type-page","status-publish","hentry"],"_links":{"self":[{"href":"https:\/\/b3bag.eu\/fr\/wp-json\/wp\/v2\/pages\/1349","targetHints":{"allow":["GET"]}}],"collection":[{"href":"https:\/\/b3bag.eu\/fr\/wp-json\/wp\/v2\/pages"}],"about":[{"href":"https:\/\/b3bag.eu\/fr\/wp-json\/wp\/v2\/types\/page"}],"author":[{"embeddable":true,"href":"https:\/\/b3bag.eu\/fr\/wp-json\/wp\/v2\/users\/1"}],"replies":[{"embeddable":true,"href":"https:\/\/b3bag.eu\/fr\/wp-json\/wp\/v2\/comments?post=1349"}],"version-history":[{"count":4,"href":"https:\/\/b3bag.eu\/fr\/wp-json\/wp\/v2\/pages\/1349\/revisions"}],"predecessor-version":[{"id":1494,"href":"https:\/\/b3bag.eu\/fr\/wp-json\/wp\/v2\/pages\/1349\/revisions\/1494"}],"wp:attachment":[{"href":"https:\/\/b3bag.eu\/fr\/wp-json\/wp\/v2\/media?parent=1349"}],"curies":[{"name":"wp","href":"https:\/\/api.w.org\/{rel}","templated":true}]}}