{"id":867,"date":"2017-03-21T21:44:25","date_gmt":"2017-03-21T20:44:25","guid":{"rendered":"https:\/\/b3bag.eu\/?page_id=867"},"modified":"2025-09-30T09:50:58","modified_gmt":"2025-09-30T07:50:58","slug":"b3bag-tres-grand-sac-de-velo-etanche-sur-roues","status":"publish","type":"page","link":"https:\/\/b3bag.eu\/fr\/","title":{"rendered":"B3bag &#8211; Tr\u00e8s grand sac de v\u00e9lo \u00e9tanche sur roues"},"content":{"rendered":"[fullwidth_text alt_background=\u00a0\u00bbnone\u00a0\u00bb width=\u00a0\u00bb1\/1&Prime; el_position=\u00a0\u00bbfirst last\u00a0\u00bb]\n\n[\/fullwidth_text] [spb_text_block pb_margin_bottom=\u00a0\u00bbno\u00a0\u00bb pb_border_bottom=\u00a0\u00bbno\u00a0\u00bb width=\u00a0\u00bb1\/1&Prime; el_position=\u00a0\u00bbfirst last\u00a0\u00bb]\n<p>&nbsp;<\/p>\n<h2>B3bag &#8211; Sacoche de v\u00e9lo \u00e9tanche extra large sur roues<\/h2>\n<h3><strong> Le B3bag combine le meilleur d&rsquo;un sac de v\u00e9lo \u00e9tanche et d&rsquo;un shopper \/ chariot \/ sacoche sur roues. Avec ce sac durable, vous pouvez d\u00e9sormais emporter vos affaires partout avec vous. S\u00fbr, sec et avec un minimum d&rsquo;effort. Vous n&rsquo;avez pas \u00e0 vous soulever \u00e0 cause des roues en bas. Les deux poign\u00e9es plac\u00e9es de mani\u00e8re ergonomique soulagent votre dos et avec les crochets pratiques, vous pouvez facilement l&rsquo;accrocher au porte-bagages. Et il est \u00e9galement excellent \u00e0 utiliser comme sac de voyage. Le B3bag vous donne de l&rsquo;espace! <\/strong><\/h3>\n[\/spb_text_block] [blank_spacer height=\u00a0\u00bb30px\u00a0\u00bb width=\u00a0\u00bb1\/1&Prime; el_position=\u00a0\u00bbfirst last\u00a0\u00bb] [spb_video link=\u00a0\u00bbhttps:\/\/www.youtube.com\/watch?v=rezXgmdjHNw\u00a0\u00bb full_width=\u00a0\u00bbno\u00a0\u00bb width=\u00a0\u00bb1\/1&Prime; el_position=\u00a0\u00bbfirst last\u00a0\u00bb] [spb_text_block pb_margin_bottom=\u00a0\u00bbno\u00a0\u00bb pb_border_bottom=\u00a0\u00bbno\u00a0\u00bb width=\u00a0\u00bb1\/1&Prime; el_position=\u00a0\u00bbfirst last\u00a0\u00bb]\n<p><img loading=\"lazy\" decoding=\"async\" class=\"size-full wp-image-810 aligncenter\" src=\"https:\/\/b3bag.eu\/wp-content\/uploads\/2019\/10\/B3bag_jeans_zwart_wit_IMG_9065.jpg\" alt=\"\" width=\"450\" height=\"335\" srcset=\"https:\/\/b3bag.eu\/wp-content\/uploads\/2019\/10\/B3bag_jeans_zwart_wit_IMG_9065.jpg 450w, https:\/\/b3bag.eu\/wp-content\/uploads\/2019\/10\/B3bag_jeans_zwart_wit_IMG_9065-300x223.jpg 300w, https:\/\/b3bag.eu\/wp-content\/uploads\/2019\/10\/B3bag_jeans_zwart_wit_IMG_9065-94x70.jpg 94w\" sizes=\"auto, (max-width: 450px) 100vw, 450px\" \/><\/p>\n[\/spb_text_block] [spb_text_block pb_margin_bottom=\u00a0\u00bbno\u00a0\u00bb pb_border_bottom=\u00a0\u00bbno\u00a0\u00bb width=\u00a0\u00bb1\/1&Prime; el_position=\u00a0\u00bbfirst last\u00a0\u00bb]\n<h2 style=\"text-align: center;\"><strong>B3bag &#8211; Big Bright Bag!<\/strong><\/h2>\n<h2 style=\"text-align: center;\">Avantages<\/h2>\n<p><strong><div class=\"one_half\"><ul class=\"sf-list\"><\/strong><br \/>\n<strong><li><i class=\"fas fa-star\"><\/i><span>Grand et pratique sacoche de v\u00e9lo shopper\/chariot\/sacoche avec syst\u00e8me de sacoches (tirette et roues), la solution id\u00e9ale pour faire du shopping et voyager<\/span><\/li><\/strong><br \/>\n<strong><li><i class=\"fas fa-star\"><\/i><span>Le sac a un fond droit et reste donc stable<\/span><\/li><\/strong><br \/>\n<strong><li><i class=\"fas fa-star\"><\/i><span>Dessus facile \u00e0 d\u00e9ployer pour plus d&rsquo;espace<\/span><\/li><\/strong><br \/>\n<strong><li><i class=\"fas fa-star\"><\/i><span>2 roues qui roulent librement<\/span><\/li><\/strong><br \/>\n<strong><li><i class=\"fas fa-star\"><\/i><span>2 poign\u00e9es ergonomiques et crochets vario pour une fixation facile au v\u00e9lo<\/span><\/li><\/ul><\/div>\n<strong><div class=\"one_half last\"><ul class=\"sf-list\"><\/strong><br \/>\n<strong><li><i class=\"fas fa-star\"><\/i><span>Peut \u00eatre utilis\u00e9 en combinaison avec un si\u00e8ge enfant sur le v\u00e9lo<\/span><\/li><\/strong><br \/>\n<strong><li><i class=\"fas fa-star\"><\/i><span>Fabriqu\u00e9 en mat\u00e9riau solide, durable et imperm\u00e9able<\/span><\/li><\/strong><br \/>\n<strong><li><i class=\"fas fa-star\"><\/i><span>Avec 2 sacs, vous pouvez facilement faire vos courses hebdomadaires et vous pouvez laisser la voiture \u00e0 la maison<\/span><\/li><\/strong><br \/>\n<strong><li><i class=\"fas fa-star\"><\/i><span>\u00c9galement utile lorsque vous voyagez en train et louez un v\u00e9lo \u00e0 votre destination[<\/span><\/li><\/strong><br \/>\n<strong><\/ul><\/div><div class=\"clearboth\"><\/div><\/strong><\/strong><\/p>\n<p style=\"text-align: center;\"><a class=\"sf-button small green standard \" href=\"https:\/\/b3bag.eu\/fr\/commandez-le-b3bag\/\" target=\"_self\"><span class=\"text\">Commander le B3bag<\/span><\/a><\/p>\n<p>&nbsp;<\/p>\n<p>&nbsp;<\/p>\n[\/spb_text_block] [boxed_content type=\u00a0\u00bbwhitestroke\u00a0\u00bb pb_margin_bottom=\u00a0\u00bbyes\u00a0\u00bb width=\u00a0\u00bb1\/1&Prime; el_position=\u00a0\u00bbfirst last\u00a0\u00bb]\n<p><strong> <span style=\"color: # 009de0;\"> B3bag XL02 <\/span> <\/strong><\/p>\n<p><br \/>\n[blank_spacer height=\u00a0\u00bb60px\u00a0\u00bb width=\u00a0\u00bb1\/1&Prime; el_position=\u00a0\u00bbfirst last\u00a0\u00bb]\n<div class=\"one_half\">\n<strong> Prix: <\/strong> 139,50 euros \/ sac (hors frais de port)<\/p>\n<p><strong> Mat\u00e9riau: <\/strong> polyamide imperm\u00e9able avec coutures soud\u00e9es imperm\u00e9ables<\/p>\n<p><strong> Roues: <\/strong> plastique plus souple<\/p>\n<p><strong> Extra: <\/strong> poche int\u00e9rieure avec fermeture \u00e9clair et 2 poches en filet<\/p>\n<\/div>\n<div class=\"one_half last\">\n<p><strong> Volume: <\/strong> 40 litres \/ sac, 80 litres \/ 2 sacs<\/p>\n<p><strong> Poids de l&#8217;emballage: <\/strong> 15 kg \/ sac, 30 kg \/ 2 sacs<\/p>\n<p><strong> Taille: <\/strong> 30 x 70 x 23 cm (L x H x P)<\/p>\n<p><strong> Poids: <\/strong> 1,9 kg<\/p>\n<\/div><div class=\"clearboth\"><\/div>\n<p><strong> Couleurs <\/strong><\/p>\n<p><img loading=\"lazy\" decoding=\"async\" class=\"alignnone wp-image-1475 \" src=\"https:\/\/b3bag.eu\/wp-content\/uploads\/2025\/09\/B3bag-waterdichte-fietstas-kleuren-waterproof-bike-pannier-colors-blocks-UK-XL02.3-300x103.png\" alt=\"\" width=\"248\" height=\"85\" srcset=\"https:\/\/b3bag.eu\/wp-content\/uploads\/2025\/09\/B3bag-waterdichte-fietstas-kleuren-waterproof-bike-pannier-colors-blocks-UK-XL02.3-300x103.png 300w, https:\/\/b3bag.eu\/wp-content\/uploads\/2025\/09\/B3bag-waterdichte-fietstas-kleuren-waterproof-bike-pannier-colors-blocks-UK-XL02.3.png 308w\" sizes=\"auto, (max-width: 248px) 100vw, 248px\" \/><\/p>\n<p style=\"text-align: center;\"><a class=\"sf-button small green standard \" href=\"https:\/\/b3bag.eu\/fr\/commandez-le-b3bag\/\" target=\"_self\"><span class=\"text\">Commander le B3bag <\/span><\/a><\/p>\n[\/boxed_content] [blank_spacer height=\u00a0\u00bb30px\u00a0\u00bb width=\u00a0\u00bb1\/1&Prime; el_position=\u00a0\u00bbfirst last\u00a0\u00bb] [spb_text_block pb_margin_bottom=\u00a0\u00bbno\u00a0\u00bb pb_border_bottom=\u00a0\u00bbno\u00a0\u00bb width=\u00a0\u00bb1\/1&Prime; el_position=\u00a0\u00bbfirst last\u00a0\u00bb]\n<h2 style=\"text-align: center;\">B3bag en cours d&rsquo;utilisation<\/h2>\n<div id=\"grid-gallery-1-69214\" data-gg-id=\"1\" data-title=\"B3bag in use\" data-grid-type=\"0\" data-offset=\"5.3\" data-area-position=\"center\" data-icons=\"\" data-preloader=\"true\" data-width=\"216\" data-height=\"216\" data-padding=\"0\" data-quicksand=\"disabled\" data-quicksand-duration=\"none\" data-popup-theme=\"theme_6\" data-popup-type=\"pretty-photo\" data-popup-image-text=\"data-description\" data-popup-widthsize=\"auto\" data-popup-heightsize=\"auto\" data-popup-i18n-words=\"{&quot;close&quot;:&quot;fermer&quot;,&quot;next&quot;:&quot;suivant&quot;,&quot;previous&quot;:&quot;pr\\u00e9c\\u00e9dent&quot;,&quot;start_slideshow&quot;:&quot;d\\u00e9marrer le diaporama&quot;,&quot;stop_slideshow&quot;:&quot;arr\\u00e9ter le diaporama&quot;,&quot;image&quot;:&quot;image&quot;,&quot;of&quot;:&quot;de&quot;,&quot;prev&quot;:&quot;pr\\u00e9c.&quot;,&quot;cExpand&quot;:&quot;Agrandir&quot;,&quot;cPrevious&quot;:&quot;Pr\\u00e9c\\u00e9dent&quot;,&quot;cNext&quot;:&quot;Suivant&quot;,&quot;cExpandStr&quot;:&quot;Agrandir l&#039;image&quot;,&quot;cRotate&quot;:&quot;Pivoter&quot;,&quot;cDetails&quot;:&quot;Details&quot;}\" data-popup-slideshow=\"false\" data-popup-slideshow-speed=\"2500\" data-popup-hoverstop=\"true\" data-popup-slideshow-auto=\"false\" data-popup-background=\"\" data-popup-transparency=\"30\" data-popup-disable-history=\"\" data-popup-disable-changed-url=\"\" data-popup-border-type=\"solid\" data-popup-border-color=\"\" data-popup-border-width=\"\" data-popup-border-enable=\"\" data-fullscreen=\"true\" data-hide-tooltip=\"false\" data-caption-font-family=\"Default\" data-caption-text-size=\"140\" data-is-mobile=\"0\" data-caption-mobile=\"false\" data-hide-long-tltp-title=\"0\" data-caption-disabled-on-mobile=\"false\" data-thumb-overlay-personal=\"1\" data-popup-placement-type=\"0\" data-social-sharing=\"{&quot;enabled&quot;:&quot;1&quot;,&quot;gallerySharing&quot;:{&quot;enabled&quot;:null,&quot;position&quot;:null},&quot;imageSharing&quot;:{&quot;enabled&quot;:null,&quot;wrapperClass&quot;:&quot; vertical &quot;},&quot;popupSharing&quot;:{&quot;enabled&quot;:null,&quot;wrapperClass&quot;:&quot; vertical &quot;}}\" class=\"grid-gallery grid-gallery-fixed \" style=\" width:100%; height:auto; margin-left:auto; margin-right:auto;position:relative;\"> <div class=\"gallery-loading\"> <div class=\"blocks\"> <div class=\"block\"><\/div> <div class=\"block\"><\/div> <div class=\"block\"><\/div> <div class=\"block\"><\/div> <\/div> <\/div> <div id=\"social-share-html\" style=\"display:none;\"> <\/div> <div class=\"gallery-sharing-top\" style=\"display:none;\"> <\/div> <div id=\"photos-1\" class=\"grid-gallery-photos\"><FIGURE class=\"grid-gallery-caption\" data-grid-gallery-type=\"quarter-appear\" data-index=\"0\" style=\"display:none;border-radius:00;; margin:5.3px; width:2160;\" ><div class=\"crop\" style=\" width:2160; height:2160; overflow:hidden;\"><img decoding=\"async\" src=\"https:\/\/b3bag.eu\/wp-content\/uploads\/2019\/10\/2019-04-24-18.50.04-216x216.jpg\" class=\"ggImg\" alt=\"B3bag bij Rijksmuseum\" title=\"B3bag bij Rijksmuseum\" data-description=\"B3bag bij Rijksmuseum\" data-caption=\"B3bag at the Rijksmuseum - Amsterdam\" data-title=\"B3bag bij Rijksmuseum\" style=\" width:216px; height:216px;\" \/><\/div><FIGCAPTION class=\"\" data-alpha=\"5\" style=\"color:#ffffff; background-color:#5e5e5e; font-size:140; text-align:left; font-family:Default;\" ><div class=\"grid-gallery-figcaption-wrap\" style=\"\"><\/div><\/FIGCAPTION><\/FIGURE><FIGURE class=\"grid-gallery-caption\" data-grid-gallery-type=\"quarter-appear\" data-index=\"1\" style=\"display:none;border-radius:00;; margin:5.3px; width:2160;\" ><div class=\"crop\" style=\" width:2160; height:2160; overflow:hidden;\"><img decoding=\"async\" src=\"https:\/\/b3bag.eu\/wp-content\/uploads\/2019\/10\/XL02-Jeroen-Blok-2-rotated-216x216.jpeg\" class=\"ggImg\" alt=\"B3bag communting Amsterdam - Berlin\" title=\"B3bag communting Amsterdam - Berlin\" data-description=\"B3bag communting Amsterdam - Berlin\" data-caption=\"B3bag communting Amsterdam - Berlin\" data-title=\"B3bag communting Amsterdam - Berlin\" style=\" width:216px; height:216px;\" \/><\/div><FIGCAPTION class=\"\" data-alpha=\"5\" style=\"color:#ffffff; background-color:#5e5e5e; font-size:140; text-align:left; font-family:Default;\" ><div class=\"grid-gallery-figcaption-wrap\" style=\"\"><\/div><\/FIGCAPTION><\/FIGURE><FIGURE class=\"grid-gallery-caption\" data-grid-gallery-type=\"quarter-appear\" data-index=\"2\" style=\"display:none;border-radius:00;; margin:5.3px; width:2160;\" ><div class=\"crop\" style=\" width:2160; height:2160; overflow:hidden;\"><img decoding=\"async\" src=\"https:\/\/b3bag.eu\/wp-content\/uploads\/2019\/10\/20191031_103120-klein-216x216.jpg\" class=\"ggImg\" alt=\"B3bag at the office\" title=\"B3bag at the office\" data-description=\"B3bag at the office\" data-caption=\"B3bag at the office\" data-title=\"B3bag at the office\" style=\" width:216px; height:216px;\" \/><\/div><FIGCAPTION class=\"\" data-alpha=\"5\" style=\"color:#ffffff; background-color:#5e5e5e; font-size:140; text-align:left; font-family:Default;\" ><div class=\"grid-gallery-figcaption-wrap\" style=\"\"><\/div><\/FIGCAPTION><\/FIGURE><FIGURE class=\"grid-gallery-caption\" data-grid-gallery-type=\"quarter-appear\" data-index=\"3\" style=\"display:none;border-radius:00;; margin:5.3px; width:2160;\" ><div class=\"crop\" style=\" width:2160; height:2160; overflow:hidden;\"><img decoding=\"async\" src=\"https:\/\/b3bag.eu\/wp-content\/uploads\/2019\/10\/IMG_4366-scaled-216x216.jpg\" class=\"ggImg\" alt=\"B3bag at the supermarket\" title=\"B3bag at the supermarket\" data-description=\"B3bag at the supermarket\" data-caption=\"B3bag at the supermarket\" data-title=\"B3bag at the supermarket\" style=\" width:216px; height:216px;\" \/><\/div><FIGCAPTION class=\"\" data-alpha=\"5\" style=\"color:#ffffff; background-color:#5e5e5e; font-size:140; text-align:left; font-family:Default;\" ><div class=\"grid-gallery-figcaption-wrap\" style=\"\"><\/div><\/FIGCAPTION><\/FIGURE><FIGURE class=\"grid-gallery-caption\" data-grid-gallery-type=\"quarter-appear\" data-index=\"4\" style=\"display:none;border-radius:00;; margin:5.3px; width:2160;\" ><div class=\"crop\" style=\" width:2160; height:2160; overflow:hidden;\"><img decoding=\"async\" src=\"https:\/\/b3bag.eu\/wp-content\/uploads\/2019\/10\/2020-01-19-17.39.22-klein-216x216.jpg\" class=\"ggImg\" alt=\"B3bag in the supermarket\" title=\"B3bag in the supermarket\" data-description=\"B3bag in the supermarket\" data-caption=\"B3bag in the supermarket\" data-title=\"B3bag in the supermarket\" style=\" width:216px; height:216px;\" \/><\/div><FIGCAPTION class=\"\" data-alpha=\"5\" style=\"color:#ffffff; background-color:#5e5e5e; font-size:140; text-align:left; font-family:Default;\" ><div class=\"grid-gallery-figcaption-wrap\" style=\"\"><\/div><\/FIGCAPTION><\/FIGURE><FIGURE class=\"grid-gallery-caption\" data-grid-gallery-type=\"quarter-appear\" data-index=\"5\" style=\"display:none;border-radius:00;; margin:5.3px; width:2160;\" ><div class=\"crop\" style=\" width:2160; height:2160; overflow:hidden;\"><img decoding=\"async\" src=\"https:\/\/b3bag.eu\/wp-content\/uploads\/2019\/10\/2019-01-05-14.01.53-scaled-216x216.jpg\" class=\"ggImg\" alt=\"B3bag at Dutch ID bike\" title=\"B3bag at Dutch ID bike\" data-description=\"B3bag at Dutch ID bike\" data-caption=\"B3bag at Dutch ID bike\" data-title=\"B3bag at Dutch ID bike\" style=\" width:216px; height:216px;\" \/><\/div><FIGCAPTION class=\"\" data-alpha=\"5\" style=\"color:#ffffff; background-color:#5e5e5e; font-size:140; text-align:left; font-family:Default;\" ><div class=\"grid-gallery-figcaption-wrap\" style=\"\"><\/div><\/FIGCAPTION><\/FIGURE><FIGURE class=\"grid-gallery-caption\" data-grid-gallery-type=\"quarter-appear\" data-index=\"6\" style=\"display:none;border-radius:00;; margin:5.3px; width:2160;\" ><div class=\"crop\" style=\" width:2160; height:2160; overflow:hidden;\"><img decoding=\"async\" src=\"https:\/\/b3bag.eu\/wp-content\/uploads\/2019\/10\/XL02-190412-Judith-Bakker-Urk-216x216.jpg\" class=\"ggImg\" alt=\"B3bag at Koga bike\" title=\"B3bag at Koga bike\" data-description=\"B3bag at Koga bike\" data-caption=\"B3bag at Koga bike\" data-title=\"B3bag at Koga bike\" style=\" width:216px; height:216px;\" \/><\/div><FIGCAPTION class=\"\" data-alpha=\"5\" style=\"color:#ffffff; background-color:#5e5e5e; font-size:140; text-align:left; font-family:Default;\" ><div class=\"grid-gallery-figcaption-wrap\" style=\"\"><\/div><\/FIGCAPTION><\/FIGURE><FIGURE class=\"grid-gallery-caption\" data-grid-gallery-type=\"quarter-appear\" data-index=\"7\" style=\"display:none;border-radius:00;; margin:5.3px; width:2160;\" ><div class=\"crop\" style=\" width:2160; height:2160; overflow:hidden;\"><img decoding=\"async\" src=\"https:\/\/b3bag.eu\/wp-content\/uploads\/2019\/10\/2019-04-19-18.10.13-2-scaled-216x216.jpg\" class=\"ggImg\" alt=\"B3bag at Stromer bike\" title=\"2019-04-19 18.10.13-2\" data-description=\"2019-04-19 18.10.13-2\" data-caption=\"B3bag at Stromer bike\" data-title=\"2019-04-19 18.10.13-2\" style=\" width:216px; height:216px;\" \/><\/div><FIGCAPTION class=\"\" data-alpha=\"5\" style=\"color:#ffffff; background-color:#5e5e5e; font-size:140; text-align:left; font-family:Default;\" ><div class=\"grid-gallery-figcaption-wrap\" style=\"\"><\/div><\/FIGCAPTION><\/FIGURE><FIGURE class=\"grid-gallery-caption\" data-grid-gallery-type=\"quarter-appear\" data-index=\"8\" style=\"display:none;border-radius:00;; margin:5.3px; width:2160;\" ><div class=\"crop\" style=\" width:2160; height:2160; overflow:hidden;\"><img decoding=\"async\" src=\"https:\/\/b3bag.eu\/wp-content\/uploads\/2019\/10\/IMG_3621-scaled-216x216.jpeg\" class=\"ggImg\" alt=\"B3bag in China\" title=\"IMG_3621\" data-description=\"IMG_3621\" data-caption=\"B3bag in China\" data-title=\"IMG_3621\" style=\" width:216px; height:216px;\" \/><\/div><FIGCAPTION class=\"\" data-alpha=\"5\" style=\"color:#ffffff; background-color:#5e5e5e; font-size:140; text-align:left; font-family:Default;\" ><div class=\"grid-gallery-figcaption-wrap\" style=\"\"><\/div><\/FIGCAPTION><\/FIGURE><FIGURE class=\"grid-gallery-caption\" data-grid-gallery-type=\"quarter-appear\" data-index=\"9\" style=\"display:none;border-radius:00;; margin:5.3px; width:2160;\" ><div class=\"crop\" style=\" width:2160; height:2160; overflow:hidden;\"><img decoding=\"async\" src=\"https:\/\/b3bag.eu\/wp-content\/uploads\/2019\/10\/image8-rotated-216x216.jpeg\" class=\"ggImg\" alt=\"B3bag in Germany\" title=\"image8\" data-description=\"image8\" data-caption=\"B3bag in Germany\" data-title=\"image8\" style=\" width:216px; height:216px;\" \/><\/div><FIGCAPTION class=\"\" data-alpha=\"5\" style=\"color:#ffffff; background-color:#5e5e5e; font-size:140; text-align:left; font-family:Default;\" ><div class=\"grid-gallery-figcaption-wrap\" style=\"\"><\/div><\/FIGCAPTION><\/FIGURE><FIGURE class=\"grid-gallery-caption\" data-grid-gallery-type=\"quarter-appear\" data-index=\"10\" style=\"display:none;border-radius:00;; margin:5.3px; width:2160;\" ><div class=\"crop\" style=\" width:2160; height:2160; overflow:hidden;\"><img decoding=\"async\" src=\"https:\/\/b3bag.eu\/wp-content\/uploads\/2019\/10\/2019-07-27-14.05.51-3-216x216.jpg\" class=\"ggImg\" alt=\"B3bag at Urban Arrow bike with child carring trailer\" title=\"B3bag at Urban Arrow bike with child carring trailer\" data-description=\"B3bag at Urban Arrow bike with child carring trailer\" data-caption=\"B3bag at Urban Arrow bike with child carring trailer\" data-title=\"B3bag at Urban Arrow bike with child carring trailer\" style=\" width:216px; height:216px;\" \/><\/div><FIGCAPTION class=\"\" data-alpha=\"5\" style=\"color:#ffffff; background-color:#5e5e5e; font-size:140; text-align:left; font-family:Default;\" ><div class=\"grid-gallery-figcaption-wrap\" style=\"\"><\/div><\/FIGCAPTION><\/FIGURE><FIGURE class=\"grid-gallery-caption\" data-grid-gallery-type=\"quarter-appear\" data-index=\"11\" style=\"display:none;border-radius:00;; margin:5.3px; width:2160;\" ><div class=\"crop\" style=\" width:2160; height:2160; overflow:hidden;\"><img decoding=\"async\" src=\"https:\/\/b3bag.eu\/wp-content\/uploads\/2019\/10\/2019-08-27-15.06.01-216x216.jpg\" class=\"ggImg\" alt=\"B3bag with Hamax child bike seat\" title=\"2019-08-27 15.06.01\" data-description=\"2019-08-27 15.06.01\" data-caption=\"B3bag with Hamax child bike seat\" data-title=\"2019-08-27 15.06.01\" style=\" width:216px; height:216px;\" \/><\/div><FIGCAPTION class=\"\" data-alpha=\"5\" style=\"color:#ffffff; background-color:#5e5e5e; font-size:140; text-align:left; font-family:Default;\" ><div class=\"grid-gallery-figcaption-wrap\" style=\"\"><\/div><\/FIGCAPTION><\/FIGURE><FIGURE class=\"grid-gallery-caption\" data-grid-gallery-type=\"quarter-appear\" data-index=\"12\" style=\"display:none;border-radius:00;; margin:5.3px; width:2160;\" ><div class=\"crop\" style=\" width:2160; height:2160; overflow:hidden;\"><img decoding=\"async\" src=\"https:\/\/b3bag.eu\/wp-content\/uploads\/2019\/10\/70613364_908120992921128_8340021410097266688_n-216x216.jpg\" class=\"ggImg\" alt=\"B3bag with Yepp child bike seat on Giant bike\" title=\"70613364_908120992921128_8340021410097266688_n\" data-description=\"70613364_908120992921128_8340021410097266688_n\" data-caption=\"B3bag with Yepp child bike seat on Giant bike\" data-title=\"70613364_908120992921128_8340021410097266688_n\" style=\" width:216px; height:216px;\" \/><\/div><FIGCAPTION class=\"\" data-alpha=\"5\" style=\"color:#ffffff; background-color:#5e5e5e; font-size:140; text-align:left; font-family:Default;\" ><div class=\"grid-gallery-figcaption-wrap\" style=\"\"><\/div><\/FIGCAPTION><\/FIGURE><FIGURE class=\"grid-gallery-caption\" data-grid-gallery-type=\"quarter-appear\" data-index=\"13\" style=\"display:none;border-radius:00;; margin:5.3px; width:2160;\" ><div class=\"crop\" style=\" width:2160; height:2160; overflow:hidden;\"><img decoding=\"async\" src=\"https:\/\/b3bag.eu\/wp-content\/uploads\/2019\/10\/2019-11-17-09.24.23-1-klein-216x216.jpg\" class=\"ggImg\" alt=\"B3bag in nature\" title=\"B3bag in nature\" data-description=\"B3bag in nature\" data-caption=\"B3bag in nature\" data-title=\"B3bag in nature\" style=\" width:216px; height:216px;\" \/><\/div><FIGCAPTION class=\"\" data-alpha=\"5\" style=\"color:#ffffff; background-color:#5e5e5e; font-size:140; text-align:left; font-family:Default;\" ><div class=\"grid-gallery-figcaption-wrap\" style=\"\"><\/div><\/FIGCAPTION><\/FIGURE> <div class=\"grid-gallery-clearfix\"><\/div> <\/div> <div class=\"gallery-sharing-bottom\" style=\"display:none;\"> <\/div> <div class=\"gallery-sharing-image\" style=\"display:none;\"> <\/div> <div class=\"gallery-sharing-popup\" style=\"display:none;\"> <\/div> <div class=\"grid-gallery-clearfix\"><\/div> <\/div> <!-- Gallery by Supsystic plugin1.16.1 --><a title=\"Gallery Plugin\" style=\"display:none;\" href=\"https:\/\/supsystic.com\/plugins\/photo-gallery\/?utm_medium=love_link\" target=\"_blank\">Gallery Plugin<\/a>\n[\/spb_text_block] [blank_spacer height=\u00a0\u00bb30px\u00a0\u00bb width=\u00a0\u00bb1\/1&Prime; el_position=\u00a0\u00bbfirst last\u00a0\u00bb] [spb_video title=\u00a0\u00bbRevue de B3bag par Fietsvlogger\u00a0\u00bb link=\u00a0\u00bbhttps:\/\/youtu.be\/noMUJCYc6Zg\u00a0\u00bb size=\u00a0\u00bb560&#215;315&Prime; full_width=\u00a0\u00bbno\u00a0\u00bb width=\u00a0\u00bb1\/1&Prime; el_position=\u00a0\u00bbfirst last\u00a0\u00bb]\n","protected":false},"excerpt":{"rendered":"<p>[fullwidth_text alt_background=\u00a0\u00bbnone\u00a0\u00bb width=\u00a0\u00bb1\/1&Prime; el_position=\u00a0\u00bbfirst last\u00a0\u00bb] [\/fullwidth_text] [spb_text_block pb_margin_bottom=\u00a0\u00bbno\u00a0\u00bb pb_border_bottom=\u00a0\u00bbno\u00a0\u00bb width=\u00a0\u00bb1\/1&Prime; el_position=\u00a0\u00bbfirst last\u00a0\u00bb] &nbsp; B3bag &#8211; Sacoche de v\u00e9lo \u00e9tanche extra large sur roues Le B3bag combine le meilleur d&rsquo;un sac de v\u00e9lo \u00e9tanche et d&rsquo;un shopper \/ chariot \/ sacoche sur roues. Avec ce sac durable, vous pouvez d\u00e9sormais emporter vos affaires partout avec vous. S\u00fbr, sec et avec un [&hellip;]<\/p>\n","protected":false},"author":1,"featured_media":0,"parent":0,"menu_order":0,"comment_status":"closed","ping_status":"closed","template":"","meta":{"footnotes":""},"class_list":["post-867","page","type-page","status-publish","hentry"],"_links":{"self":[{"href":"https:\/\/b3bag.eu\/fr\/wp-json\/wp\/v2\/pages\/867","targetHints":{"allow":["GET"]}}],"collection":[{"href":"https:\/\/b3bag.eu\/fr\/wp-json\/wp\/v2\/pages"}],"about":[{"href":"https:\/\/b3bag.eu\/fr\/wp-json\/wp\/v2\/types\/page"}],"author":[{"embeddable":true,"href":"https:\/\/b3bag.eu\/fr\/wp-json\/wp\/v2\/users\/1"}],"replies":[{"embeddable":true,"href":"https:\/\/b3bag.eu\/fr\/wp-json\/wp\/v2\/comments?post=867"}],"version-history":[{"count":2,"href":"https:\/\/b3bag.eu\/fr\/wp-json\/wp\/v2\/pages\/867\/revisions"}],"predecessor-version":[{"id":1484,"href":"https:\/\/b3bag.eu\/fr\/wp-json\/wp\/v2\/pages\/867\/revisions\/1484"}],"wp:attachment":[{"href":"https:\/\/b3bag.eu\/fr\/wp-json\/wp\/v2\/media?parent=867"}],"curies":[{"name":"wp","href":"https:\/\/api.w.org\/{rel}","templated":true}]}}