{"id":881,"date":"2020-02-12T15:16:56","date_gmt":"2020-02-12T14:16:56","guid":{"rendered":"https:\/\/b3bag.eu\/b3bag-dealers\/"},"modified":"2022-11-30T20:50:53","modified_gmt":"2022-11-30T19:50:53","slug":"b3bag-revendeurs","status":"publish","type":"page","link":"https:\/\/b3bag.eu\/fr\/b3bag-revendeurs\/","title":{"rendered":"Revendeurs"},"content":{"rendered":"[spb_text_block pb_margin_bottom=\u00a0\u00bbno\u00a0\u00bb pb_border_bottom=\u00a0\u00bbno\u00a0\u00bb width=\u00a0\u00bb1\/1&Prime; el_position=\u00a0\u00bbfirst last\u00a0\u00bb]\n\n[\/spb_text_block] [blank_spacer height=\u00a0\u00bb30px\u00a0\u00bb width=\u00a0\u00bb1\/1&Prime; el_position=\u00a0\u00bbfirst last\u00a0\u00bb] [boxed_content title=\u00a0\u00bbDevenez revendeur?\u00a0\u00bb type=\u00a0\u00bbcoloured\u00a0\u00bb custom_bg_colour=\u00a0\u00bb#b7c629&Prime; pb_margin_bottom=\u00a0\u00bbno\u00a0\u00bb width=\u00a0\u00bb1\/2&Prime; el_position=\u00a0\u00bbfirst last\u00a0\u00bb]\n<p>\u00cates-vous devenu enthousiasm\u00e9 par le B3bag et aimeriez-vous le vendre? Nous recherchons toujours des magasins qui souhaitent \u00e9galement vendre notre sacoche de v\u00e9lo B3bag. Si vous \u00eates int\u00e9ress\u00e9 ou avez des conseils, faites-le nous savoir. Envoyez-nous un email: info@b3bag.eu<\/p>\n[\/boxed_content]\n","protected":false},"excerpt":{"rendered":"<p>[spb_text_block pb_margin_bottom=\u00a0\u00bbno\u00a0\u00bb pb_border_bottom=\u00a0\u00bbno\u00a0\u00bb width=\u00a0\u00bb1\/1&Prime; el_position=\u00a0\u00bbfirst last\u00a0\u00bb] [\/spb_text_block] [blank_spacer height=\u00a0\u00bb30px\u00a0\u00bb width=\u00a0\u00bb1\/1&Prime; el_position=\u00a0\u00bbfirst last\u00a0\u00bb] [boxed_content title=\u00a0\u00bbDevenez revendeur?\u00a0\u00bb type=\u00a0\u00bbcoloured\u00a0\u00bb custom_bg_colour=\u00a0\u00bb#b7c629&Prime; pb_margin_bottom=\u00a0\u00bbno\u00a0\u00bb width=\u00a0\u00bb1\/2&Prime; el_position=\u00a0\u00bbfirst last\u00a0\u00bb] \u00cates-vous devenu enthousiasm\u00e9 par le B3bag et aimeriez-vous le vendre? Nous recherchons toujours des magasins qui souhaitent \u00e9galement vendre notre sacoche de v\u00e9lo B3bag. Si vous \u00eates int\u00e9ress\u00e9 ou avez des conseils, faites-le nous savoir. Envoyez-nous un email: info@b3bag.eu [&hellip;]<\/p>\n","protected":false},"author":1,"featured_media":0,"parent":0,"menu_order":0,"comment_status":"closed","ping_status":"closed","template":"","meta":{"footnotes":""},"class_list":["post-881","page","type-page","status-publish","hentry"],"_links":{"self":[{"href":"https:\/\/b3bag.eu\/fr\/wp-json\/wp\/v2\/pages\/881","targetHints":{"allow":["GET"]}}],"collection":[{"href":"https:\/\/b3bag.eu\/fr\/wp-json\/wp\/v2\/pages"}],"about":[{"href":"https:\/\/b3bag.eu\/fr\/wp-json\/wp\/v2\/types\/page"}],"author":[{"embeddable":true,"href":"https:\/\/b3bag.eu\/fr\/wp-json\/wp\/v2\/users\/1"}],"replies":[{"embeddable":true,"href":"https:\/\/b3bag.eu\/fr\/wp-json\/wp\/v2\/comments?post=881"}],"version-history":[{"count":0,"href":"https:\/\/b3bag.eu\/fr\/wp-json\/wp\/v2\/pages\/881\/revisions"}],"wp:attachment":[{"href":"https:\/\/b3bag.eu\/fr\/wp-json\/wp\/v2\/media?parent=881"}],"curies":[{"name":"wp","href":"https:\/\/api.w.org\/{rel}","templated":true}]}}