{"id":887,"date":"2017-03-21T22:21:50","date_gmt":"2017-03-21T21:21:50","guid":{"rendered":"https:\/\/b3bag.eu\/?page_id=887"},"modified":"2023-03-13T14:40:11","modified_gmt":"2023-03-13T13:40:11","slug":"contact","status":"publish","type":"page","link":"https:\/\/b3bag.eu\/fr\/contact\/","title":{"rendered":"Contact"},"content":{"rendered":"[spb_gmaps address=\u00a0\u00bbAmersfoort, Stationsplein 14&Prime; size=\u00a0\u00bb340&Prime; type=\u00a0\u00bbroadmap\u00a0\u00bb zoom=\u00a0\u00bb15&Prime; shadow=\u00a0\u00bbyes\u00a0\u00bb width=\u00a0\u00bb2\/3&Prime; el_position=\u00a0\u00bbfirst\u00a0\u00bb] [spb_text_block title=\u00a0\u00bbB3bag est en vente chez:\u00a0\u00bb pb_margin_bottom=\u00a0\u00bbno\u00a0\u00bb pb_border_bottom=\u00a0\u00bbno\u00a0\u00bb width=\u00a0\u00bb1\/3&Prime; el_position=\u00a0\u00bblast\u00a0\u00bb]\n<h3><span class=\"highlighted\">Vierfiets<\/span><\/h3>\n<p><strong>Adresse de visite (Ouvert sur rendez-vous!!)<\/strong><br \/>\nStationsplein 14 arri\u00e8re<br \/>\n3818 LE Amersfoort<br \/>\nles Pays-Bas<br \/>\n<em>Navigation: <\/em>Entrez Berkenweg 50, puis sortez de la rue et entrez dans le parking. Nous sommes situ\u00e9s \u00e0 l&rsquo;arri\u00e8re du b\u00e2timent.<\/p>\n<p><strong>Adresse postale<\/strong><br \/>\nDe Bosch Kemperlaan 8<br \/>\n3818 HC Amersfoort<br \/>\nles Pays-Bas<\/p>\n[\/spb_text_block] [spb_text_block title=\u00a0\u00bbPosez votre question ici:\u00a0\u00bb pb_margin_bottom=\u00a0\u00bbno\u00a0\u00bb pb_border_bottom=\u00a0\u00bbno\u00a0\u00bb width=\u00a0\u00bb2\/3&Prime; el_position=\u00a0\u00bbfirst\u00a0\u00bb]\n\n<div class=\"wpcf7 no-js\" id=\"wpcf7-f1297-o1\" lang=\"fr-FR\" dir=\"ltr\" data-wpcf7-id=\"1297\">\n<div class=\"screen-reader-response\"><p role=\"status\" aria-live=\"polite\" aria-atomic=\"true\"><\/p> <ul><\/ul><\/div>\n<form action=\"\/fr\/wp-json\/wp\/v2\/pages\/887#wpcf7-f1297-o1\" method=\"post\" class=\"wpcf7-form init\" aria-label=\"Formulaire de contact\" novalidate=\"novalidate\" data-status=\"init\">\n<fieldset class=\"hidden-fields-container\"><input type=\"hidden\" name=\"_wpcf7\" value=\"1297\" \/><input type=\"hidden\" name=\"_wpcf7_version\" value=\"6.1.5\" \/><input type=\"hidden\" name=\"_wpcf7_locale\" value=\"fr_FR\" \/><input type=\"hidden\" name=\"_wpcf7_unit_tag\" value=\"wpcf7-f1297-o1\" \/><input type=\"hidden\" name=\"_wpcf7_container_post\" value=\"0\" \/><input type=\"hidden\" name=\"_wpcf7_posted_data_hash\" value=\"\" \/><input type=\"hidden\" name=\"_wpcf7_recaptcha_response\" value=\"\" \/>\n<\/fieldset>\n<p><label> Nom *<br \/>\n<span class=\"wpcf7-form-control-wrap\" data-name=\"your-name\"><input size=\"40\" maxlength=\"400\" class=\"wpcf7-form-control wpcf7-text wpcf7-validates-as-required\" aria-required=\"true\" aria-invalid=\"false\" value=\"\" type=\"text\" name=\"your-name\" \/><\/span> <\/label>\n<\/p>\n<p><label> Adresse<br \/>\n<span class=\"wpcf7-form-control-wrap\" data-name=\"Adres\"><input size=\"40\" maxlength=\"400\" class=\"wpcf7-form-control wpcf7-text\" aria-invalid=\"false\" value=\"\" type=\"text\" name=\"Adres\" \/><\/span> <\/label>\n<\/p>\n<p><label> Code postal<br \/>\n<span class=\"wpcf7-form-control-wrap\" data-name=\"Postcode\"><input size=\"40\" maxlength=\"400\" class=\"wpcf7-form-control wpcf7-text\" aria-invalid=\"false\" value=\"\" type=\"text\" name=\"Postcode\" \/><\/span> <\/label>\n<\/p>\n<p><label> Lieu de r\u00e9sidence<br \/>\n<span class=\"wpcf7-form-control-wrap\" data-name=\"Plaats\"><input size=\"40\" maxlength=\"400\" class=\"wpcf7-form-control wpcf7-text\" aria-invalid=\"false\" value=\"\" type=\"text\" name=\"Plaats\" \/><\/span> <\/label>\n<\/p>\n<p><label> Pays<br \/>\n<span class=\"wpcf7-form-control-wrap\" data-name=\"Land\"><input size=\"40\" maxlength=\"400\" class=\"wpcf7-form-control wpcf7-text\" aria-invalid=\"false\" value=\"\" type=\"text\" name=\"Land\" \/><\/span> <\/label>\n<\/p>\n<p><label> Email *<br \/>\n<span class=\"wpcf7-form-control-wrap\" data-name=\"your-email\"><input size=\"40\" maxlength=\"400\" class=\"wpcf7-form-control wpcf7-email wpcf7-validates-as-required wpcf7-text wpcf7-validates-as-email\" aria-required=\"true\" aria-invalid=\"false\" value=\"\" type=\"email\" name=\"your-email\" \/><\/span> <\/label>\n<\/p>\n<p><label> Num\u00e9ro de t\u00e9l\u00e9phone *<br \/>\n<span class=\"wpcf7-form-control-wrap\" data-name=\"Telefoonnr\"><input size=\"40\" maxlength=\"400\" minlength=\"10\" class=\"wpcf7-form-control wpcf7-tel wpcf7-validates-as-required wpcf7-text wpcf7-validates-as-tel\" aria-required=\"true\" aria-invalid=\"false\" value=\"\" type=\"tel\" name=\"Telefoonnr\" \/><\/span> <\/label><br \/>\n\t<nbsp>\n\t<\/nbsp>\n<\/p>\n<p><label> Commentaires<br \/>\n<span class=\"wpcf7-form-control-wrap\" data-name=\"your-message\"><textarea cols=\"40\" rows=\"10\" maxlength=\"2000\" class=\"wpcf7-form-control wpcf7-textarea\" aria-invalid=\"false\" name=\"your-message\"><\/textarea><\/span> <\/label>\n<\/p>\n<p> * champs obligatoires\n<\/p>\n<nbsp>\n<\/nbsp>\n<p><strong>Attention: nos e-mails se retrouvent souvent dans la bo\u00eete de spam aux adresses Hotmail et Gmail!<\/strong><strong><\/strong><br \/>\n\t<nbsp>\n\t<\/nbsp><br \/>\n<input class=\"wpcf7-form-control wpcf7-submit has-spinner\" type=\"submit\" value=\"Envoyer\" \/>\n<\/p><p style=\"display: none !important;\" class=\"akismet-fields-container\" data-prefix=\"_wpcf7_ak_\"><label>&#916;<textarea name=\"_wpcf7_ak_hp_textarea\" cols=\"45\" rows=\"8\" maxlength=\"100\"><\/textarea><\/label><input type=\"hidden\" id=\"ak_js_1\" name=\"_wpcf7_ak_js\" value=\"3\"\/><script>document.getElementById( \"ak_js_1\" ).setAttribute( \"value\", ( new Date() ).getTime() );<\/script><\/p><div class=\"wpcf7-response-output\" aria-hidden=\"true\"><\/div>\n<\/form>\n<\/div>\n\n[\/spb_text_block] [spb_text_block pb_margin_bottom=\u00a0\u00bbno\u00a0\u00bb pb_border_bottom=\u00a0\u00bbno\u00a0\u00bb width=\u00a0\u00bb1\/3&Prime; el_position=\u00a0\u00bblast\u00a0\u00bb]\n<p><strong>Voulez-vous nous poser une question<\/strong><br \/>\nE-mail: info @ b3bag.eu<br \/>\nMobile Sjoukje: +31 6 52685570<\/p>\n<p>Nous sommes situ\u00e9s au centre des Pays-Bas et tr\u00e8s facilement accessibles en train (en face d&rsquo;Amersfoort CS).<\/p>\n[\/spb_text_block] [blank_spacer height=\u00a0\u00bb11px\u00a0\u00bb width=\u00a0\u00bb1\/1&Prime; el_position=\u00a0\u00bbfirst last\u00a0\u00bb]\n","protected":false},"excerpt":{"rendered":"<p>[spb_gmaps address=\u00a0\u00bbAmersfoort, Stationsplein 14&Prime; size=\u00a0\u00bb340&Prime; type=\u00a0\u00bbroadmap\u00a0\u00bb zoom=\u00a0\u00bb15&Prime; shadow=\u00a0\u00bbyes\u00a0\u00bb width=\u00a0\u00bb2\/3&Prime; el_position=\u00a0\u00bbfirst\u00a0\u00bb] [spb_text_block title=\u00a0\u00bbB3bag est en vente chez:\u00a0\u00bb pb_margin_bottom=\u00a0\u00bbno\u00a0\u00bb pb_border_bottom=\u00a0\u00bbno\u00a0\u00bb width=\u00a0\u00bb1\/3&Prime; el_position=\u00a0\u00bblast\u00a0\u00bb] Adresse de visite (Ouvert sur rendez-vous!!) Stationsplein 14 arri\u00e8re 3818 LE Amersfoort les Pays-Bas Navigation: Entrez Berkenweg 50, puis sortez de la rue et entrez dans le parking. Nous sommes situ\u00e9s \u00e0 l&rsquo;arri\u00e8re du b\u00e2timent. Adresse postale De Bosch Kemperlaan [&hellip;]<\/p>\n","protected":false},"author":1,"featured_media":0,"parent":0,"menu_order":0,"comment_status":"closed","ping_status":"closed","template":"","meta":{"footnotes":""},"class_list":["post-887","page","type-page","status-publish","hentry"],"_links":{"self":[{"href":"https:\/\/b3bag.eu\/fr\/wp-json\/wp\/v2\/pages\/887","targetHints":{"allow":["GET"]}}],"collection":[{"href":"https:\/\/b3bag.eu\/fr\/wp-json\/wp\/v2\/pages"}],"about":[{"href":"https:\/\/b3bag.eu\/fr\/wp-json\/wp\/v2\/types\/page"}],"author":[{"embeddable":true,"href":"https:\/\/b3bag.eu\/fr\/wp-json\/wp\/v2\/users\/1"}],"replies":[{"embeddable":true,"href":"https:\/\/b3bag.eu\/fr\/wp-json\/wp\/v2\/comments?post=887"}],"version-history":[{"count":1,"href":"https:\/\/b3bag.eu\/fr\/wp-json\/wp\/v2\/pages\/887\/revisions"}],"predecessor-version":[{"id":1299,"href":"https:\/\/b3bag.eu\/fr\/wp-json\/wp\/v2\/pages\/887\/revisions\/1299"}],"wp:attachment":[{"href":"https:\/\/b3bag.eu\/fr\/wp-json\/wp\/v2\/media?parent=887"}],"curies":[{"name":"wp","href":"https:\/\/api.w.org\/{rel}","templated":true}]}}